{"id":13968,"date":"2024-05-20T17:07:51","date_gmt":"2024-05-20T20:07:51","guid":{"rendered":"https:\/\/annamorenodamico.com\/?page_id=13968"},"modified":"2024-06-05T00:13:24","modified_gmt":"2024-06-05T03:13:24","slug":"lista-papodemae","status":"publish","type":"page","link":"https:\/\/annamorenodamico.com\/backupdois\/lista-papodemae\/","title":{"rendered":"Lista de Espera &#8211; Papo de M\u00e3e"},"content":{"rendered":"\t\t<div data-elementor-type=\"wp-page\" data-elementor-id=\"13968\" class=\"elementor elementor-13968\" data-elementor-post-type=\"page\">\n\t\t\t\t<div class=\"elementor-element elementor-element-7a2bbf88 e-flex e-con-boxed e-con e-parent\" data-id=\"7a2bbf88\" data-element_type=\"container\" data-settings=\"{&quot;background_background&quot;:&quot;classic&quot;}\">\n\t\t\t\t\t<div class=\"e-con-inner\">\n\t\t\t\t<div class=\"elementor-element elementor-element-6b83053 elementor-widget__width-initial elementor-widget-mobile__width-inherit elementor-button-align-stretch elementor-widget elementor-widget-form\" data-id=\"6b83053\" data-element_type=\"widget\" data-settings=\"{&quot;step_next_label&quot;:&quot;Pr\\u00f3ximo&quot;,&quot;step_previous_label&quot;:&quot;Anterior&quot;,&quot;button_width&quot;:&quot;100&quot;,&quot;step_type&quot;:&quot;number_text&quot;,&quot;step_icon_shape&quot;:&quot;circle&quot;}\" data-widget_type=\"form.default\">\n\t\t\t\t<div class=\"elementor-widget-container\">\n\t\t\t\t\t<form class=\"elementor-form\" method=\"post\" name=\"Novo formul\u00e1rio\">\n\t\t\t<input type=\"hidden\" name=\"post_id\" value=\"13968\"\/>\n\t\t\t<input type=\"hidden\" name=\"form_id\" value=\"6b83053\"\/>\n\t\t\t<input type=\"hidden\" name=\"referer_title\" value=\"Anna Damico\" \/>\n\n\t\t\t\n\t\t\t<div class=\"elementor-form-fields-wrapper elementor-labels-\">\n\t\t\t\t\t\t\t\t<div class=\"elementor-field-type-text elementor-field-group elementor-column elementor-field-group-nome elementor-col-100\">\n\t\t\t\t\t\t\t\t\t\t\t\t<label for=\"form-field-nome\" class=\"elementor-field-label elementor-screen-only\">\n\t\t\t\t\t\t\t\tDigite seu nome\t\t\t\t\t\t\t<\/label>\n\t\t\t\t\t\t\t\t\t\t\t\t\t\t<input size=\"1\" type=\"text\" name=\"form_fields[nome]\" id=\"form-field-nome\" class=\"elementor-field elementor-size-lg  elementor-field-textual\" placeholder=\"Digite seu nome\">\n\t\t\t\t\t\t\t\t\t\t\t<\/div>\n\t\t\t\t\t\t\t\t<div class=\"elementor-field-type-email elementor-field-group elementor-column elementor-field-group-email elementor-col-100 elementor-field-required\">\n\t\t\t\t\t\t\t\t\t\t\t\t<label for=\"form-field-email\" class=\"elementor-field-label elementor-screen-only\">\n\t\t\t\t\t\t\t\tDigite seu e-mail\t\t\t\t\t\t\t<\/label>\n\t\t\t\t\t\t\t\t\t\t\t\t\t\t<input size=\"1\" type=\"email\" name=\"form_fields[email]\" id=\"form-field-email\" class=\"elementor-field elementor-size-lg  elementor-field-textual\" placeholder=\"Digite seu e-mail\" required=\"required\" aria-required=\"true\">\n\t\t\t\t\t\t\t\t\t\t\t<\/div>\n\t\t\t\t\t\t\t\t<div class=\"elementor-field-type-text elementor-field-group elementor-column elementor-field-group-telefone elementor-col-100\">\n\t\t\t\t\t\t\t\t\t\t\t\t<label for=\"form-field-telefone\" class=\"elementor-field-label elementor-screen-only\">\n\t\t\t\t\t\t\t\tDigite seu telefone\t\t\t\t\t\t\t<\/label>\n\t\t\t\t\t\t\t\t\t\t\t\t\t\t<input size=\"1\" type=\"text\" name=\"form_fields[telefone]\" id=\"form-field-telefone\" class=\"elementor-field elementor-size-lg  elementor-field-textual\" placeholder=\"Digite seu telefone\">\n\t\t\t\t\t\t\t\t\t\t\t<\/div>\n\t\t\t\t\t\t\t\t<div class=\"elementor-field-type-hidden elementor-field-group elementor-column elementor-field-group-telefone_puro elementor-col-100\">\n\t\t\t\t\t\t\t\t\t\t\t\t\t<input size=\"1\" type=\"hidden\" name=\"form_fields[telefone_puro]\" id=\"form-field-telefone_puro\" class=\"elementor-field elementor-size-lg  elementor-field-textual\">\n\t\t\t\t\t\t\t\t\t\t\t<\/div>\n\t\t\t\t\t\t\t\t<div class=\"elementor-field-type-hidden elementor-field-group elementor-column elementor-field-group-utm_source elementor-col-100\">\n\t\t\t\t\t\t\t\t\t\t\t\t\t<input size=\"1\" type=\"hidden\" name=\"form_fields[utm_source]\" id=\"form-field-utm_source\" class=\"elementor-field elementor-size-lg  elementor-field-textual\">\n\t\t\t\t\t\t\t\t\t\t\t<\/div>\n\t\t\t\t\t\t\t\t<div class=\"elementor-field-type-hidden elementor-field-group elementor-column elementor-field-group-utm_medium elementor-col-100\">\n\t\t\t\t\t\t\t\t\t\t\t\t\t<input size=\"1\" type=\"hidden\" name=\"form_fields[utm_medium]\" id=\"form-field-utm_medium\" class=\"elementor-field elementor-size-lg  elementor-field-textual\">\n\t\t\t\t\t\t\t\t\t\t\t<\/div>\n\t\t\t\t\t\t\t\t<div class=\"elementor-field-type-hidden elementor-field-group elementor-column elementor-field-group-utm_campaign elementor-col-100\">\n\t\t\t\t\t\t\t\t\t\t\t\t\t<input size=\"1\" type=\"hidden\" name=\"form_fields[utm_campaign]\" id=\"form-field-utm_campaign\" class=\"elementor-field elementor-size-lg  elementor-field-textual\">\n\t\t\t\t\t\t\t\t\t\t\t<\/div>\n\t\t\t\t\t\t\t\t<div class=\"elementor-field-group elementor-column elementor-field-type-submit elementor-col-100 e-form__buttons\">\n\t\t\t\t\t<button type=\"submit\" class=\"elementor-button elementor-size-lg\">\n\t\t\t\t\t\t<span >\n\t\t\t\t\t\t\t\t\t\t\t\t\t\t\t<span class=\"elementor-align-icon-right elementor-button-icon\">\n\t\t\t\t\t\t\t\t\t<svg xmlns=\"http:\/\/www.w3.org\/2000\/svg\" width=\"48\" height=\"38\" viewBox=\"0 0 48 38\" fill=\"none\"><path id=\"icon-coracao-pdm-vn2\" fill-rule=\"evenodd\" clip-rule=\"evenodd\" d=\"M0.0235154 10.0141C-0.466635 4.5576 6.81442 -0.406628 11.701 0.219476C16.8195 0.875316 22.024 7.94253 22.6913 7.91609C23.968 7.86323 27.9704 1.32135 34.3672 0.219476C42.4927 -1.17811 46.1407 4.42049 47.4191 7.91609C48.3679 10.5097 48.9359 18.1023 42.6103 24.7053C39.4839 27.9696 28.2734 37.8815 27.4984 37.9972C26.1903 38.1921 12.9628 28.2736 8.95385 24.7053C2.65973 19.105 0.4673 14.9536 0.0235154 10.0141Z\" fill=\"#7F5F38\"><\/path><\/svg>\t\t\t\t\t\t\t\t\t\t\t\t\t\t\t\t\t<\/span>\n\t\t\t\t\t\t\t\t\t\t\t\t\t\t\t\t\t\t\t\t\t\t<span class=\"elementor-button-text\">QUERO ENTRAR NA LISTA DE ESPERA<\/span>\n\t\t\t\t\t\t\t\t\t\t\t\t\t<\/span>\n\t\t\t\t\t<\/button>\n\t\t\t\t<\/div>\n\t\t\t<\/div>\n\t\t<\/form>\n\t\t\t\t<\/div>\n\t\t\t\t<\/div>\n\t\t\t\t<div class=\"elementor-element elementor-element-77664dd elementor-widget__width-initial elementor-widget-tablet__width-inherit elementor-position-top elementor-widget elementor-widget-image-box\" data-id=\"77664dd\" data-element_type=\"widget\" data-widget_type=\"image-box.default\">\n\t\t\t\t<div class=\"elementor-widget-container\">\n\t\t\t<div class=\"elementor-image-box-wrapper\"><figure class=\"elementor-image-box-img\"><img fetchpriority=\"high\" decoding=\"async\" width=\"556\" height=\"285\" src=\"https:\/\/annamorenodamico.com\/backupdois\/wp-content\/uploads\/2024\/05\/LOGO-PDM-V1.svg\" class=\"attachment-full size-full wp-image-13405\" alt=\"\" \/><\/figure><div class=\"elementor-image-box-content\"><h3 class=\"elementor-image-box-title\">AS INSCRI\u00c7\u00d5ES EST\u00c3O ENCERRADAS<\/h3><p class=\"elementor-image-box-description\">Preencha os dados abaixo para entrar na lista de espera e seja avisada quando as vagas abrirem novamente:<\/p><\/div><\/div>\t\t<\/div>\n\t\t\t\t<\/div>\n\t\t\t\t<div class=\"elementor-element elementor-element-a32ed32 elementor-widget elementor-widget-html\" data-id=\"a32ed32\" data-element_type=\"widget\" data-widget_type=\"html.default\">\n\t\t\t\t<div class=\"elementor-widget-container\">\n\t\t\t<script>\n    document.addEventListener(\"DOMContentLoaded\", function() {\n  \/\/ Adicione a classe \"active\" ao elemento SVG\n  document.getElementById(\"NLOGO-CNC-V\").classList.add(\"active\");\n});\n<\/script>\n\n<script src=\"https:\/\/cdn.jsdelivr.net\/gh\/studio-freight\/lenis@1.0.22\/bundled\/lenis.min.js\"><\/script>\n\n<script>\n    const lenis = new Lenis({\n      duration: 1.2,\n      easing: (t) => Math.min(1, 1.001 - Math.pow(2, -10 * t)),\n      orientation: 'vertical',\n      gestureOrientation: 'vertical',\n      smoothWheel: true,\n      wheelMultiplier: 1,\n      smoothTouch: false,\n      touchMultiplier: 2,\n      infinite: false,\n    })\n\n    \/\/get scroll value\n    lenis.on('scroll', (e) => {\n      console.log(e)\n    })\n\n    function raf(time) {\n      lenis.raf(time)\n       requestAnimationFrame(raf)\n    }\n\n    requestAnimationFrame(raf)\n<\/script>\n\n<link rel=\"stylesheet\" href=\"https:\/\/cdnjs.cloudflare.com\/ajax\/libs\/intl-tel-input\/17.0.8\/css\/intlTelInput.css\"\/>\n<script src=\"https:\/\/cdnjs.cloudflare.com\/ajax\/libs\/intl-tel-input\/17.0.8\/js\/intlTelInput.min.js\"><\/script>\n<script src=\"https:\/\/ajax.googleapis.com\/ajax\/libs\/jquery\/3.4.1\/jquery.min.js\"><\/script>\n<script>\nwindow.initializeIntlTelInput = function() {\n    const inputTelefone = document.getElementById('form-field-telefone');\n    if (!inputTelefone) {\n        console.error('Elemento #form-field-telefone n\u00e3o encontrado.');\n        return;\n    }\n    const iti = window.intlTelInput(inputTelefone, {\n        separateDialCode: true, \/\/ Mant\u00e9m o DDI visualmente separado\n        preferredCountries: [\"br\"], \/\/ Define o Brasil como o pa\u00eds preferido\n        utilsScript: \"https:\/\/cdnjs.cloudflare.com\/ajax\/libs\/intl-tel-input\/17.0.8\/js\/utils.js\" \/\/ Carrega os utilit\u00e1rios necess\u00e1rios usando HTTPS\n    });\n\n    inputTelefone.addEventListener('input', function(e) {\n        const countryCode = iti.getSelectedCountryData().iso2; \/\/ Obt\u00e9m o c\u00f3digo do pa\u00eds selecionado\n        var inputValue = e.target.value;\n        \n        \/\/ Verifica se o pa\u00eds selecionado \u00e9 diferente do Brasil\n        if (countryCode !== 'br') {\n            \/\/ Remove caracteres n\u00e3o num\u00e9ricos\n            inputValue = inputValue.replace(\/\\D\/g, '');\n            e.target.value = inputValue;\n        } else {\n            \/\/ Aplica a m\u00e1scara de acordo com o pa\u00eds selecionado\n            var x = inputValue.replace(\/\\D\/g, '').match(\/(\\d{0,2})(\\d{0,5})(\\d{0,4})\/);\n            e.target.value = !x[2] ? x[1] : '(' + x[1] + ') ' + x[2] + (x[3] ? '-' + x[3] : '');\n        }\n    });\n\n    inputTelefone.addEventListener('focus', function() {\n        \/\/ Altera o tipo do campo para \"tel\" para abrir o teclado num\u00e9rico no mobile\n        inputTelefone.setAttribute('type', 'tel');\n    });\n}\n\n\/\/ Chamada para inicializar o componente intlTelInput ap\u00f3s o carregamento da p\u00e1gina\ndocument.addEventListener(\"DOMContentLoaded\", function() {\n    initializeIntlTelInput();\n});\n\n<\/script>\t\t<\/div>\n\t\t\t\t<\/div>\n\t\t\t\t\t<\/div>\n\t\t\t\t<\/div>\n\t\t<div class=\"elementor-element elementor-element-a25fe53 e-flex e-con-boxed e-con e-parent\" data-id=\"a25fe53\" data-element_type=\"container\" data-settings=\"{&quot;background_background&quot;:&quot;classic&quot;}\">\n\t\t\t\t\t<div class=\"e-con-inner\">\n\t\t\t\t<div class=\"elementor-element elementor-element-50b6a9d elementor-widget__width-inherit elementor-widget elementor-widget-heading\" data-id=\"50b6a9d\" data-element_type=\"widget\" data-widget_type=\"heading.default\">\n\t\t\t\t<div class=\"elementor-widget-container\">\n\t\t\t<h2 class=\"elementor-heading-title elementor-size-default\">Anna Moreno Damico \u00a9 2024 - Todos os direitos reservados<\/h2>\t\t<\/div>\n\t\t\t\t<\/div>\n\t\t\t\t\t<\/div>\n\t\t\t\t<\/div>\n\t\t\t\t<\/div>\n\t\t","protected":false},"excerpt":{"rendered":"<p>AS INSCRI\u00c7\u00d5ES EST\u00c3O ENCERRADAS Preencha os dados abaixo para entrar na lista de espera e seja avisada quando as vagas abrirem novamente: Anna Moreno Damico \u00a9 2024 &#8211; Todos os direitos reservados<\/p>\n","protected":false},"author":4,"featured_media":0,"parent":0,"menu_order":0,"comment_status":"closed","ping_status":"closed","template":"elementor_canvas","meta":{"footnotes":""},"yoast_head":"<!-- This site is optimized with the Yoast SEO plugin v22.8 - https:\/\/yoast.com\/wordpress\/plugins\/seo\/ -->\n<title>Lista de Espera - Papo de M\u00e3e - Anna Damico<\/title>\n<meta name=\"robots\" content=\"index, follow, max-snippet:-1, max-image-preview:large, max-video-preview:-1\" \/>\n<link rel=\"canonical\" href=\"https:\/\/annamorenodamico.com\/backupdois\/lista-papodemae\/\" \/>\n<meta property=\"og:locale\" content=\"pt_BR\" \/>\n<meta property=\"og:type\" content=\"article\" \/>\n<meta property=\"og:title\" content=\"Lista de Espera - Papo de M\u00e3e - Anna Damico\" \/>\n<meta property=\"og:description\" content=\"AS INSCRI\u00c7\u00d5ES EST\u00c3O ENCERRADAS Preencha os dados abaixo para entrar na lista de espera e seja avisada quando as vagas abrirem novamente: Anna Moreno Damico \u00a9 2024 &#8211; Todos os direitos reservados\" \/>\n<meta property=\"og:url\" content=\"https:\/\/annamorenodamico.com\/backupdois\/lista-papodemae\/\" \/>\n<meta property=\"og:site_name\" content=\"Anna Damico\" \/>\n<meta property=\"article:modified_time\" content=\"2024-06-05T03:13:24+00:00\" \/>\n<meta property=\"og:image\" content=\"https:\/\/annamorenodamico.com\/backupdois\/wp-content\/uploads\/2024\/05\/LOGO-PDM-V1.svg\" \/>\n<meta name=\"twitter:card\" content=\"summary_large_image\" \/>\n<meta name=\"twitter:label1\" content=\"Est. tempo de leitura\" \/>\n\t<meta name=\"twitter:data1\" content=\"1 minuto\" \/>\n<script type=\"application\/ld+json\" class=\"yoast-schema-graph\">{\"@context\":\"https:\/\/schema.org\",\"@graph\":[{\"@type\":\"WebPage\",\"@id\":\"https:\/\/annamorenodamico.com\/backupdois\/lista-papodemae\/\",\"url\":\"https:\/\/annamorenodamico.com\/backupdois\/lista-papodemae\/\",\"name\":\"Lista de Espera - Papo de M\u00e3e - Anna Damico\",\"isPartOf\":{\"@id\":\"https:\/\/annamorenodamico.com\/backupdois\/#website\"},\"primaryImageOfPage\":{\"@id\":\"https:\/\/annamorenodamico.com\/backupdois\/lista-papodemae\/#primaryimage\"},\"image\":{\"@id\":\"https:\/\/annamorenodamico.com\/backupdois\/lista-papodemae\/#primaryimage\"},\"thumbnailUrl\":\"https:\/\/annamorenodamico.com\/backupdois\/wp-content\/uploads\/2024\/05\/LOGO-PDM-V1.svg\",\"datePublished\":\"2024-05-20T20:07:51+00:00\",\"dateModified\":\"2024-06-05T03:13:24+00:00\",\"breadcrumb\":{\"@id\":\"https:\/\/annamorenodamico.com\/backupdois\/lista-papodemae\/#breadcrumb\"},\"inLanguage\":\"pt-BR\",\"potentialAction\":[{\"@type\":\"ReadAction\",\"target\":[\"https:\/\/annamorenodamico.com\/backupdois\/lista-papodemae\/\"]}]},{\"@type\":\"ImageObject\",\"inLanguage\":\"pt-BR\",\"@id\":\"https:\/\/annamorenodamico.com\/backupdois\/lista-papodemae\/#primaryimage\",\"url\":\"https:\/\/annamorenodamico.com\/backupdois\/wp-content\/uploads\/2024\/05\/LOGO-PDM-V1.svg\",\"contentUrl\":\"https:\/\/annamorenodamico.com\/backupdois\/wp-content\/uploads\/2024\/05\/LOGO-PDM-V1.svg\",\"width\":556,\"height\":285},{\"@type\":\"BreadcrumbList\",\"@id\":\"https:\/\/annamorenodamico.com\/backupdois\/lista-papodemae\/#breadcrumb\",\"itemListElement\":[{\"@type\":\"ListItem\",\"position\":1,\"name\":\"In\u00edcio\",\"item\":\"https:\/\/annamorenodamico.com\/backupdois\/\"},{\"@type\":\"ListItem\",\"position\":2,\"name\":\"Lista de Espera &#8211; Papo de M\u00e3e\"}]},{\"@type\":\"WebSite\",\"@id\":\"https:\/\/annamorenodamico.com\/backupdois\/#website\",\"url\":\"https:\/\/annamorenodamico.com\/backupdois\/\",\"name\":\"Anna Damico\",\"description\":\"\",\"potentialAction\":[{\"@type\":\"SearchAction\",\"target\":{\"@type\":\"EntryPoint\",\"urlTemplate\":\"https:\/\/annamorenodamico.com\/backupdois\/?s={search_term_string}\"},\"query-input\":\"required name=search_term_string\"}],\"inLanguage\":\"pt-BR\"}]}<\/script>\n<!-- \/ Yoast SEO plugin. -->","yoast_head_json":{"title":"Lista de Espera - Papo de M\u00e3e - Anna Damico","robots":{"index":"index","follow":"follow","max-snippet":"max-snippet:-1","max-image-preview":"max-image-preview:large","max-video-preview":"max-video-preview:-1"},"canonical":"https:\/\/annamorenodamico.com\/backupdois\/lista-papodemae\/","og_locale":"pt_BR","og_type":"article","og_title":"Lista de Espera - Papo de M\u00e3e - Anna Damico","og_description":"AS INSCRI\u00c7\u00d5ES EST\u00c3O ENCERRADAS Preencha os dados abaixo para entrar na lista de espera e seja avisada quando as vagas abrirem novamente: Anna Moreno Damico \u00a9 2024 &#8211; Todos os direitos reservados","og_url":"https:\/\/annamorenodamico.com\/backupdois\/lista-papodemae\/","og_site_name":"Anna Damico","article_modified_time":"2024-06-05T03:13:24+00:00","og_image":[{"url":"https:\/\/annamorenodamico.com\/backupdois\/wp-content\/uploads\/2024\/05\/LOGO-PDM-V1.svg"}],"twitter_card":"summary_large_image","twitter_misc":{"Est. tempo de leitura":"1 minuto"},"schema":{"@context":"https:\/\/schema.org","@graph":[{"@type":"WebPage","@id":"https:\/\/annamorenodamico.com\/backupdois\/lista-papodemae\/","url":"https:\/\/annamorenodamico.com\/backupdois\/lista-papodemae\/","name":"Lista de Espera - Papo de M\u00e3e - Anna Damico","isPartOf":{"@id":"https:\/\/annamorenodamico.com\/backupdois\/#website"},"primaryImageOfPage":{"@id":"https:\/\/annamorenodamico.com\/backupdois\/lista-papodemae\/#primaryimage"},"image":{"@id":"https:\/\/annamorenodamico.com\/backupdois\/lista-papodemae\/#primaryimage"},"thumbnailUrl":"https:\/\/annamorenodamico.com\/backupdois\/wp-content\/uploads\/2024\/05\/LOGO-PDM-V1.svg","datePublished":"2024-05-20T20:07:51+00:00","dateModified":"2024-06-05T03:13:24+00:00","breadcrumb":{"@id":"https:\/\/annamorenodamico.com\/backupdois\/lista-papodemae\/#breadcrumb"},"inLanguage":"pt-BR","potentialAction":[{"@type":"ReadAction","target":["https:\/\/annamorenodamico.com\/backupdois\/lista-papodemae\/"]}]},{"@type":"ImageObject","inLanguage":"pt-BR","@id":"https:\/\/annamorenodamico.com\/backupdois\/lista-papodemae\/#primaryimage","url":"https:\/\/annamorenodamico.com\/backupdois\/wp-content\/uploads\/2024\/05\/LOGO-PDM-V1.svg","contentUrl":"https:\/\/annamorenodamico.com\/backupdois\/wp-content\/uploads\/2024\/05\/LOGO-PDM-V1.svg","width":556,"height":285},{"@type":"BreadcrumbList","@id":"https:\/\/annamorenodamico.com\/backupdois\/lista-papodemae\/#breadcrumb","itemListElement":[{"@type":"ListItem","position":1,"name":"In\u00edcio","item":"https:\/\/annamorenodamico.com\/backupdois\/"},{"@type":"ListItem","position":2,"name":"Lista de Espera &#8211; Papo de M\u00e3e"}]},{"@type":"WebSite","@id":"https:\/\/annamorenodamico.com\/backupdois\/#website","url":"https:\/\/annamorenodamico.com\/backupdois\/","name":"Anna Damico","description":"","potentialAction":[{"@type":"SearchAction","target":{"@type":"EntryPoint","urlTemplate":"https:\/\/annamorenodamico.com\/backupdois\/?s={search_term_string}"},"query-input":"required name=search_term_string"}],"inLanguage":"pt-BR"}]}},"_links":{"self":[{"href":"https:\/\/annamorenodamico.com\/backupdois\/wp-json\/wp\/v2\/pages\/13968"}],"collection":[{"href":"https:\/\/annamorenodamico.com\/backupdois\/wp-json\/wp\/v2\/pages"}],"about":[{"href":"https:\/\/annamorenodamico.com\/backupdois\/wp-json\/wp\/v2\/types\/page"}],"author":[{"embeddable":true,"href":"https:\/\/annamorenodamico.com\/backupdois\/wp-json\/wp\/v2\/users\/4"}],"replies":[{"embeddable":true,"href":"https:\/\/annamorenodamico.com\/backupdois\/wp-json\/wp\/v2\/comments?post=13968"}],"version-history":[{"count":61,"href":"https:\/\/annamorenodamico.com\/backupdois\/wp-json\/wp\/v2\/pages\/13968\/revisions"}],"predecessor-version":[{"id":14086,"href":"https:\/\/annamorenodamico.com\/backupdois\/wp-json\/wp\/v2\/pages\/13968\/revisions\/14086"}],"wp:attachment":[{"href":"https:\/\/annamorenodamico.com\/backupdois\/wp-json\/wp\/v2\/media?parent=13968"}],"curies":[{"name":"wp","href":"https:\/\/api.w.org\/{rel}","templated":true}]}}